{"id":271,"date":"2023-07-15T22:28:47","date_gmt":"2023-07-15T22:28:47","guid":{"rendered":"https:\/\/autoescolasantoantoniobh.com.br\/?page_id=271"},"modified":"2023-07-15T22:38:51","modified_gmt":"2023-07-15T22:38:51","slug":"galeria","status":"publish","type":"page","link":"https:\/\/autoescolasantoantoniobh.com.br\/?page_id=271","title":{"rendered":"Galeria"},"content":{"rendered":"\t\t<div data-elementor-type=\"wp-page\" data-elementor-id=\"271\" class=\"elementor elementor-271\" data-elementor-post-type=\"page\">\n\t\t\t\t<div class=\"elementor-element elementor-element-c5a3c6c e-flex e-con-boxed wpr-particle-no wpr-jarallax-no wpr-parallax-no wpr-sticky-section-no e-con e-parent\" data-id=\"c5a3c6c\" data-element_type=\"container\">\n\t\t\t\t\t<div class=\"e-con-inner\">\n\t\t\t\t<div class=\"elementor-element elementor-element-6670740 elementor-widget elementor-widget-heading\" data-id=\"6670740\" data-element_type=\"widget\" data-widget_type=\"heading.default\">\n\t\t\t\t<div class=\"elementor-widget-container\">\n\t\t\t\t\t<h2 class=\"elementor-heading-title elementor-size-default\">Galeria<\/h2>\t\t\t\t<\/div>\n\t\t\t\t<\/div>\n\t\t\t\t<div class=\"elementor-element elementor-element-c7bbeb1 elementor-widget elementor-widget-text-editor\" data-id=\"c7bbeb1\" data-element_type=\"widget\" data-widget_type=\"text-editor.default\">\n\t\t\t\t<div class=\"elementor-widget-container\">\n\t\t\t\t\t\t\t\t\t<p>\u00c9 com muito orgulho que mostramos nossos alunos e funcion\u00e1rios do CFC Santo Ant\u00f4nio, nos sentimos orgulhosos por ter voc\u00ea conosco.<\/p>\t\t\t\t\t\t\t\t<\/div>\n\t\t\t\t<\/div>\n\t\t\t\t<div class=\"elementor-element elementor-element-556b5f3 gallery-spacing-custom elementor-widget elementor-widget-image-gallery\" data-id=\"556b5f3\" data-element_type=\"widget\" data-widget_type=\"image-gallery.default\">\n\t\t\t\t<div class=\"elementor-widget-container\">\n\t\t\t\t\t\t\t<div class=\"elementor-image-gallery\">\n\t\t\t<div id='gallery-1' class='gallery galleryid-271 gallery-columns-4 gallery-size-full'><figure class='gallery-item'>\n\t\t\t<div class='gallery-icon landscape'>\n\t\t\t\t<a data-elementor-open-lightbox=\"yes\" data-elementor-lightbox-slideshow=\"556b5f3\" data-elementor-lightbox-title=\"asgdgds\" data-e-action-hash=\"#elementor-action%3Aaction%3Dlightbox%26settings%3DeyJpZCI6Mjg0LCJ1cmwiOiJodHRwczpcL1wvYXV0b2VzY29sYXNhbnRvYW50b25pb2JoLmNvbS5iclwvd3AtY29udGVudFwvdXBsb2Fkc1wvMjAyM1wvMDdcL2FzZ2RnZHMucG5nIiwic2xpZGVzaG93IjoiNTU2YjVmMyJ9\" href='https:\/\/autoescolasantoantoniobh.com.br\/wp-content\/uploads\/2023\/07\/asgdgds.png'><img fetchpriority=\"high\" decoding=\"async\" width=\"1080\" height=\"1080\" src=\"https:\/\/autoescolasantoantoniobh.com.br\/wp-content\/uploads\/2023\/07\/asgdgds.png\" class=\"attachment-full size-full\" alt=\"\" srcset=\"https:\/\/autoescolasantoantoniobh.com.br\/wp-content\/uploads\/2023\/07\/asgdgds.png 1080w, https:\/\/autoescolasantoantoniobh.com.br\/wp-content\/uploads\/2023\/07\/asgdgds-300x300.png 300w, https:\/\/autoescolasantoantoniobh.com.br\/wp-content\/uploads\/2023\/07\/asgdgds-1024x1024.png 1024w, https:\/\/autoescolasantoantoniobh.com.br\/wp-content\/uploads\/2023\/07\/asgdgds-150x150.png 150w, https:\/\/autoescolasantoantoniobh.com.br\/wp-content\/uploads\/2023\/07\/asgdgds-768x768.png 768w\" sizes=\"(max-width: 1080px) 100vw, 1080px\" \/><\/a>\n\t\t\t<\/div><\/figure><figure class='gallery-item'>\n\t\t\t<div class='gallery-icon landscape'>\n\t\t\t\t<a data-elementor-open-lightbox=\"yes\" data-elementor-lightbox-slideshow=\"556b5f3\" data-elementor-lightbox-title=\"asgdg\" data-e-action-hash=\"#elementor-action%3Aaction%3Dlightbox%26settings%3DeyJpZCI6Mjg1LCJ1cmwiOiJodHRwczpcL1wvYXV0b2VzY29sYXNhbnRvYW50b25pb2JoLmNvbS5iclwvd3AtY29udGVudFwvdXBsb2Fkc1wvMjAyM1wvMDdcL2FzZ2RnLnBuZyIsInNsaWRlc2hvdyI6IjU1NmI1ZjMifQ%3D%3D\" href='https:\/\/autoescolasantoantoniobh.com.br\/wp-content\/uploads\/2023\/07\/asgdg.png'><img decoding=\"async\" width=\"1080\" height=\"1080\" src=\"https:\/\/autoescolasantoantoniobh.com.br\/wp-content\/uploads\/2023\/07\/asgdg.png\" class=\"attachment-full size-full\" alt=\"\" srcset=\"https:\/\/autoescolasantoantoniobh.com.br\/wp-content\/uploads\/2023\/07\/asgdg.png 1080w, https:\/\/autoescolasantoantoniobh.com.br\/wp-content\/uploads\/2023\/07\/asgdg-300x300.png 300w, https:\/\/autoescolasantoantoniobh.com.br\/wp-content\/uploads\/2023\/07\/asgdg-1024x1024.png 1024w, https:\/\/autoescolasantoantoniobh.com.br\/wp-content\/uploads\/2023\/07\/asgdg-150x150.png 150w, https:\/\/autoescolasantoantoniobh.com.br\/wp-content\/uploads\/2023\/07\/asgdg-768x768.png 768w\" sizes=\"(max-width: 1080px) 100vw, 1080px\" \/><\/a>\n\t\t\t<\/div><\/figure><figure class='gallery-item'>\n\t\t\t<div class='gallery-icon landscape'>\n\t\t\t\t<a data-elementor-open-lightbox=\"yes\" data-elementor-lightbox-slideshow=\"556b5f3\" data-elementor-lightbox-title=\"sggs\" data-e-action-hash=\"#elementor-action%3Aaction%3Dlightbox%26settings%3DeyJpZCI6MjkwLCJ1cmwiOiJodHRwczpcL1wvYXV0b2VzY29sYXNhbnRvYW50b25pb2JoLmNvbS5iclwvd3AtY29udGVudFwvdXBsb2Fkc1wvMjAyM1wvMDdcL3NnZ3MucG5nIiwic2xpZGVzaG93IjoiNTU2YjVmMyJ9\" href='https:\/\/autoescolasantoantoniobh.com.br\/wp-content\/uploads\/2023\/07\/sggs.png'><img decoding=\"async\" width=\"1080\" height=\"1080\" src=\"https:\/\/autoescolasantoantoniobh.com.br\/wp-content\/uploads\/2023\/07\/sggs.png\" class=\"attachment-full size-full\" alt=\"\" srcset=\"https:\/\/autoescolasantoantoniobh.com.br\/wp-content\/uploads\/2023\/07\/sggs.png 1080w, https:\/\/autoescolasantoantoniobh.com.br\/wp-content\/uploads\/2023\/07\/sggs-300x300.png 300w, https:\/\/autoescolasantoantoniobh.com.br\/wp-content\/uploads\/2023\/07\/sggs-1024x1024.png 1024w, https:\/\/autoescolasantoantoniobh.com.br\/wp-content\/uploads\/2023\/07\/sggs-150x150.png 150w, https:\/\/autoescolasantoantoniobh.com.br\/wp-content\/uploads\/2023\/07\/sggs-768x768.png 768w\" sizes=\"(max-width: 1080px) 100vw, 1080px\" \/><\/a>\n\t\t\t<\/div><\/figure><figure class='gallery-item'>\n\t\t\t<div class='gallery-icon landscape'>\n\t\t\t\t<a data-elementor-open-lightbox=\"yes\" data-elementor-lightbox-slideshow=\"556b5f3\" data-elementor-lightbox-title=\"gsgdg\" data-e-action-hash=\"#elementor-action%3Aaction%3Dlightbox%26settings%3DeyJpZCI6Mjg3LCJ1cmwiOiJodHRwczpcL1wvYXV0b2VzY29sYXNhbnRvYW50b25pb2JoLmNvbS5iclwvd3AtY29udGVudFwvdXBsb2Fkc1wvMjAyM1wvMDdcL2dzZ2RnLnBuZyIsInNsaWRlc2hvdyI6IjU1NmI1ZjMifQ%3D%3D\" href='https:\/\/autoescolasantoantoniobh.com.br\/wp-content\/uploads\/2023\/07\/gsgdg.png'><img loading=\"lazy\" decoding=\"async\" width=\"1080\" height=\"1080\" src=\"https:\/\/autoescolasantoantoniobh.com.br\/wp-content\/uploads\/2023\/07\/gsgdg.png\" class=\"attachment-full size-full\" alt=\"\" srcset=\"https:\/\/autoescolasantoantoniobh.com.br\/wp-content\/uploads\/2023\/07\/gsgdg.png 1080w, https:\/\/autoescolasantoantoniobh.com.br\/wp-content\/uploads\/2023\/07\/gsgdg-300x300.png 300w, https:\/\/autoescolasantoantoniobh.com.br\/wp-content\/uploads\/2023\/07\/gsgdg-1024x1024.png 1024w, https:\/\/autoescolasantoantoniobh.com.br\/wp-content\/uploads\/2023\/07\/gsgdg-150x150.png 150w, https:\/\/autoescolasantoantoniobh.com.br\/wp-content\/uploads\/2023\/07\/gsgdg-768x768.png 768w\" sizes=\"(max-width: 1080px) 100vw, 1080px\" \/><\/a>\n\t\t\t<\/div><\/figure><figure class='gallery-item'>\n\t\t\t<div class='gallery-icon landscape'>\n\t\t\t\t<a data-elementor-open-lightbox=\"yes\" data-elementor-lightbox-slideshow=\"556b5f3\" data-elementor-lightbox-title=\"asgdsg\" data-e-action-hash=\"#elementor-action%3Aaction%3Dlightbox%26settings%3DeyJpZCI6Mjg2LCJ1cmwiOiJodHRwczpcL1wvYXV0b2VzY29sYXNhbnRvYW50b25pb2JoLmNvbS5iclwvd3AtY29udGVudFwvdXBsb2Fkc1wvMjAyM1wvMDdcL2FzZ2RzZy5wbmciLCJzbGlkZXNob3ciOiI1NTZiNWYzIn0%3D\" href='https:\/\/autoescolasantoantoniobh.com.br\/wp-content\/uploads\/2023\/07\/asgdsg.png'><img loading=\"lazy\" decoding=\"async\" width=\"1080\" height=\"1080\" src=\"https:\/\/autoescolasantoantoniobh.com.br\/wp-content\/uploads\/2023\/07\/asgdsg.png\" class=\"attachment-full size-full\" alt=\"\" srcset=\"https:\/\/autoescolasantoantoniobh.com.br\/wp-content\/uploads\/2023\/07\/asgdsg.png 1080w, https:\/\/autoescolasantoantoniobh.com.br\/wp-content\/uploads\/2023\/07\/asgdsg-300x300.png 300w, https:\/\/autoescolasantoantoniobh.com.br\/wp-content\/uploads\/2023\/07\/asgdsg-1024x1024.png 1024w, https:\/\/autoescolasantoantoniobh.com.br\/wp-content\/uploads\/2023\/07\/asgdsg-150x150.png 150w, https:\/\/autoescolasantoantoniobh.com.br\/wp-content\/uploads\/2023\/07\/asgdsg-768x768.png 768w\" sizes=\"(max-width: 1080px) 100vw, 1080px\" \/><\/a>\n\t\t\t<\/div><\/figure><figure class='gallery-item'>\n\t\t\t<div class='gallery-icon landscape'>\n\t\t\t\t<a data-elementor-open-lightbox=\"yes\" data-elementor-lightbox-slideshow=\"556b5f3\" data-elementor-lightbox-title=\"asdgag\" data-e-action-hash=\"#elementor-action%3Aaction%3Dlightbox%26settings%3DeyJpZCI6Mjg4LCJ1cmwiOiJodHRwczpcL1wvYXV0b2VzY29sYXNhbnRvYW50b25pb2JoLmNvbS5iclwvd3AtY29udGVudFwvdXBsb2Fkc1wvMjAyM1wvMDdcL2FzZGdhZy5wbmciLCJzbGlkZXNob3ciOiI1NTZiNWYzIn0%3D\" href='https:\/\/autoescolasantoantoniobh.com.br\/wp-content\/uploads\/2023\/07\/asdgag.png'><img loading=\"lazy\" decoding=\"async\" width=\"1080\" height=\"1080\" src=\"https:\/\/autoescolasantoantoniobh.com.br\/wp-content\/uploads\/2023\/07\/asdgag.png\" class=\"attachment-full size-full\" alt=\"\" srcset=\"https:\/\/autoescolasantoantoniobh.com.br\/wp-content\/uploads\/2023\/07\/asdgag.png 1080w, https:\/\/autoescolasantoantoniobh.com.br\/wp-content\/uploads\/2023\/07\/asdgag-300x300.png 300w, https:\/\/autoescolasantoantoniobh.com.br\/wp-content\/uploads\/2023\/07\/asdgag-1024x1024.png 1024w, https:\/\/autoescolasantoantoniobh.com.br\/wp-content\/uploads\/2023\/07\/asdgag-150x150.png 150w, https:\/\/autoescolasantoantoniobh.com.br\/wp-content\/uploads\/2023\/07\/asdgag-768x768.png 768w\" sizes=\"(max-width: 1080px) 100vw, 1080px\" \/><\/a>\n\t\t\t<\/div><\/figure><figure class='gallery-item'>\n\t\t\t<div class='gallery-icon landscape'>\n\t\t\t\t<a data-elementor-open-lightbox=\"yes\" data-elementor-lightbox-slideshow=\"556b5f3\" data-elementor-lightbox-title=\"asgssg\" data-e-action-hash=\"#elementor-action%3Aaction%3Dlightbox%26settings%3DeyJpZCI6MjgwLCJ1cmwiOiJodHRwczpcL1wvYXV0b2VzY29sYXNhbnRvYW50b25pb2JoLmNvbS5iclwvd3AtY29udGVudFwvdXBsb2Fkc1wvMjAyM1wvMDdcL2FzZ3NzZy5wbmciLCJzbGlkZXNob3ciOiI1NTZiNWYzIn0%3D\" href='https:\/\/autoescolasantoantoniobh.com.br\/wp-content\/uploads\/2023\/07\/asgssg.png'><img loading=\"lazy\" decoding=\"async\" width=\"1080\" height=\"1080\" src=\"https:\/\/autoescolasantoantoniobh.com.br\/wp-content\/uploads\/2023\/07\/asgssg.png\" class=\"attachment-full size-full\" alt=\"\" srcset=\"https:\/\/autoescolasantoantoniobh.com.br\/wp-content\/uploads\/2023\/07\/asgssg.png 1080w, https:\/\/autoescolasantoantoniobh.com.br\/wp-content\/uploads\/2023\/07\/asgssg-300x300.png 300w, https:\/\/autoescolasantoantoniobh.com.br\/wp-content\/uploads\/2023\/07\/asgssg-1024x1024.png 1024w, https:\/\/autoescolasantoantoniobh.com.br\/wp-content\/uploads\/2023\/07\/asgssg-150x150.png 150w, https:\/\/autoescolasantoantoniobh.com.br\/wp-content\/uploads\/2023\/07\/asgssg-768x768.png 768w\" sizes=\"(max-width: 1080px) 100vw, 1080px\" \/><\/a>\n\t\t\t<\/div><\/figure><figure class='gallery-item'>\n\t\t\t<div class='gallery-icon landscape'>\n\t\t\t\t<a data-elementor-open-lightbox=\"yes\" data-elementor-lightbox-slideshow=\"556b5f3\" data-elementor-lightbox-title=\"asgsgd\" data-e-action-hash=\"#elementor-action%3Aaction%3Dlightbox%26settings%3DeyJpZCI6MjgzLCJ1cmwiOiJodHRwczpcL1wvYXV0b2VzY29sYXNhbnRvYW50b25pb2JoLmNvbS5iclwvd3AtY29udGVudFwvdXBsb2Fkc1wvMjAyM1wvMDdcL2FzZ3NnZC5wbmciLCJzbGlkZXNob3ciOiI1NTZiNWYzIn0%3D\" href='https:\/\/autoescolasantoantoniobh.com.br\/wp-content\/uploads\/2023\/07\/asgsgd.png'><img loading=\"lazy\" decoding=\"async\" width=\"1080\" height=\"1080\" src=\"https:\/\/autoescolasantoantoniobh.com.br\/wp-content\/uploads\/2023\/07\/asgsgd.png\" class=\"attachment-full size-full\" alt=\"\" srcset=\"https:\/\/autoescolasantoantoniobh.com.br\/wp-content\/uploads\/2023\/07\/asgsgd.png 1080w, https:\/\/autoescolasantoantoniobh.com.br\/wp-content\/uploads\/2023\/07\/asgsgd-300x300.png 300w, https:\/\/autoescolasantoantoniobh.com.br\/wp-content\/uploads\/2023\/07\/asgsgd-1024x1024.png 1024w, https:\/\/autoescolasantoantoniobh.com.br\/wp-content\/uploads\/2023\/07\/asgsgd-150x150.png 150w, https:\/\/autoescolasantoantoniobh.com.br\/wp-content\/uploads\/2023\/07\/asgsgd-768x768.png 768w\" sizes=\"(max-width: 1080px) 100vw, 1080px\" \/><\/a>\n\t\t\t<\/div><\/figure><figure class='gallery-item'>\n\t\t\t<div class='gallery-icon landscape'>\n\t\t\t\t<a data-elementor-open-lightbox=\"yes\" data-elementor-lightbox-slideshow=\"556b5f3\" data-elementor-lightbox-title=\"asdgsg\" data-e-action-hash=\"#elementor-action%3Aaction%3Dlightbox%26settings%3DeyJpZCI6MjgxLCJ1cmwiOiJodHRwczpcL1wvYXV0b2VzY29sYXNhbnRvYW50b25pb2JoLmNvbS5iclwvd3AtY29udGVudFwvdXBsb2Fkc1wvMjAyM1wvMDdcL2FzZGdzZy5wbmciLCJzbGlkZXNob3ciOiI1NTZiNWYzIn0%3D\" href='https:\/\/autoescolasantoantoniobh.com.br\/wp-content\/uploads\/2023\/07\/asdgsg.png'><img loading=\"lazy\" decoding=\"async\" width=\"1080\" height=\"1080\" src=\"https:\/\/autoescolasantoantoniobh.com.br\/wp-content\/uploads\/2023\/07\/asdgsg.png\" class=\"attachment-full size-full\" alt=\"\" srcset=\"https:\/\/autoescolasantoantoniobh.com.br\/wp-content\/uploads\/2023\/07\/asdgsg.png 1080w, https:\/\/autoescolasantoantoniobh.com.br\/wp-content\/uploads\/2023\/07\/asdgsg-300x300.png 300w, https:\/\/autoescolasantoantoniobh.com.br\/wp-content\/uploads\/2023\/07\/asdgsg-1024x1024.png 1024w, https:\/\/autoescolasantoantoniobh.com.br\/wp-content\/uploads\/2023\/07\/asdgsg-150x150.png 150w, https:\/\/autoescolasantoantoniobh.com.br\/wp-content\/uploads\/2023\/07\/asdgsg-768x768.png 768w\" sizes=\"(max-width: 1080px) 100vw, 1080px\" \/><\/a>\n\t\t\t<\/div><\/figure><figure class='gallery-item'>\n\t\t\t<div class='gallery-icon landscape'>\n\t\t\t\t<a data-elementor-open-lightbox=\"yes\" data-elementor-lightbox-slideshow=\"556b5f3\" data-elementor-lightbox-title=\"asgdgs\" data-e-action-hash=\"#elementor-action%3Aaction%3Dlightbox%26settings%3DeyJpZCI6MjgyLCJ1cmwiOiJodHRwczpcL1wvYXV0b2VzY29sYXNhbnRvYW50b25pb2JoLmNvbS5iclwvd3AtY29udGVudFwvdXBsb2Fkc1wvMjAyM1wvMDdcL2FzZ2Rncy5wbmciLCJzbGlkZXNob3ciOiI1NTZiNWYzIn0%3D\" href='https:\/\/autoescolasantoantoniobh.com.br\/wp-content\/uploads\/2023\/07\/asgdgs.png'><img loading=\"lazy\" decoding=\"async\" width=\"1080\" height=\"1080\" src=\"https:\/\/autoescolasantoantoniobh.com.br\/wp-content\/uploads\/2023\/07\/asgdgs.png\" class=\"attachment-full size-full\" alt=\"\" srcset=\"https:\/\/autoescolasantoantoniobh.com.br\/wp-content\/uploads\/2023\/07\/asgdgs.png 1080w, https:\/\/autoescolasantoantoniobh.com.br\/wp-content\/uploads\/2023\/07\/asgdgs-300x300.png 300w, https:\/\/autoescolasantoantoniobh.com.br\/wp-content\/uploads\/2023\/07\/asgdgs-1024x1024.png 1024w, https:\/\/autoescolasantoantoniobh.com.br\/wp-content\/uploads\/2023\/07\/asgdgs-150x150.png 150w, https:\/\/autoescolasantoantoniobh.com.br\/wp-content\/uploads\/2023\/07\/asgdgs-768x768.png 768w\" sizes=\"(max-width: 1080px) 100vw, 1080px\" \/><\/a>\n\t\t\t<\/div><\/figure><figure class='gallery-item'>\n\t\t\t<div class='gallery-icon landscape'>\n\t\t\t\t<a data-elementor-open-lightbox=\"yes\" data-elementor-lightbox-slideshow=\"556b5f3\" data-elementor-lightbox-title=\"sdag\" data-e-action-hash=\"#elementor-action%3Aaction%3Dlightbox%26settings%3DeyJpZCI6Mjg5LCJ1cmwiOiJodHRwczpcL1wvYXV0b2VzY29sYXNhbnRvYW50b25pb2JoLmNvbS5iclwvd3AtY29udGVudFwvdXBsb2Fkc1wvMjAyM1wvMDdcL3NkYWcucG5nIiwic2xpZGVzaG93IjoiNTU2YjVmMyJ9\" href='https:\/\/autoescolasantoantoniobh.com.br\/wp-content\/uploads\/2023\/07\/sdag.png'><img loading=\"lazy\" decoding=\"async\" width=\"1080\" height=\"1080\" src=\"https:\/\/autoescolasantoantoniobh.com.br\/wp-content\/uploads\/2023\/07\/sdag.png\" class=\"attachment-full size-full\" alt=\"\" srcset=\"https:\/\/autoescolasantoantoniobh.com.br\/wp-content\/uploads\/2023\/07\/sdag.png 1080w, https:\/\/autoescolasantoantoniobh.com.br\/wp-content\/uploads\/2023\/07\/sdag-300x300.png 300w, https:\/\/autoescolasantoantoniobh.com.br\/wp-content\/uploads\/2023\/07\/sdag-1024x1024.png 1024w, https:\/\/autoescolasantoantoniobh.com.br\/wp-content\/uploads\/2023\/07\/sdag-150x150.png 150w, https:\/\/autoescolasantoantoniobh.com.br\/wp-content\/uploads\/2023\/07\/sdag-768x768.png 768w\" sizes=\"(max-width: 1080px) 100vw, 1080px\" \/><\/a>\n\t\t\t<\/div><\/figure>\n\t\t<\/div>\n\t\t<\/div>\n\t\t\t\t\t\t<\/div>\n\t\t\t\t<\/div>\n\t\t\t\t\t<\/div>\n\t\t\t\t<\/div>\n\t\t<div class=\"elementor-element elementor-element-3ecdfeb e-flex e-con-boxed wpr-particle-no wpr-jarallax-no wpr-parallax-no wpr-sticky-section-no e-con e-parent\" data-id=\"3ecdfeb\" data-element_type=\"container\">\n\t\t\t\t\t<div class=\"e-con-inner\">\n\t\t\t\t<div class=\"elementor-element elementor-element-dcd3381 elementor-widget elementor-widget-text-editor\" data-id=\"dcd3381\" data-element_type=\"widget\" data-widget_type=\"text-editor.default\">\n\t\t\t\t<div class=\"elementor-widget-container\">\n\t\t\t\t\t\t\t\t\t<p>Obrigado por fazer parte da nossa historia!<\/p>\t\t\t\t\t\t\t\t<\/div>\n\t\t\t\t<\/div>\n\t\t\t\t\t<\/div>\n\t\t\t\t<\/div>\n\t\t\t\t<\/div>\n\t\t","protected":false},"excerpt":{"rendered":"<p>Galeria \u00c9 com muito orgulho que mostramos nossos alunos e funcion\u00e1rios do CFC Santo Ant\u00f4nio, nos sentimos orgulhosos por ter voc\u00ea conosco. Obrigado por fazer parte da nossa historia!<\/p>\n","protected":false},"author":1,"featured_media":0,"parent":0,"menu_order":0,"comment_status":"closed","ping_status":"closed","template":"elementor_header_footer","meta":{"footnotes":""},"class_list":["post-271","page","type-page","status-publish","hentry"],"_links":{"self":[{"href":"https:\/\/autoescolasantoantoniobh.com.br\/index.php?rest_route=\/wp\/v2\/pages\/271","targetHints":{"allow":["GET"]}}],"collection":[{"href":"https:\/\/autoescolasantoantoniobh.com.br\/index.php?rest_route=\/wp\/v2\/pages"}],"about":[{"href":"https:\/\/autoescolasantoantoniobh.com.br\/index.php?rest_route=\/wp\/v2\/types\/page"}],"author":[{"embeddable":true,"href":"https:\/\/autoescolasantoantoniobh.com.br\/index.php?rest_route=\/wp\/v2\/users\/1"}],"replies":[{"embeddable":true,"href":"https:\/\/autoescolasantoantoniobh.com.br\/index.php?rest_route=%2Fwp%2Fv2%2Fcomments&post=271"}],"version-history":[{"count":5,"href":"https:\/\/autoescolasantoantoniobh.com.br\/index.php?rest_route=\/wp\/v2\/pages\/271\/revisions"}],"predecessor-version":[{"id":391,"href":"https:\/\/autoescolasantoantoniobh.com.br\/index.php?rest_route=\/wp\/v2\/pages\/271\/revisions\/391"}],"wp:attachment":[{"href":"https:\/\/autoescolasantoantoniobh.com.br\/index.php?rest_route=%2Fwp%2Fv2%2Fmedia&parent=271"}],"curies":[{"name":"wp","href":"https:\/\/api.w.org\/{rel}","templated":true}]}}